{"id":1416,"date":"2025-01-22T19:25:12","date_gmt":"2025-01-22T19:25:12","guid":{"rendered":"https:\/\/cbbfootballfreestyle.de\/?page_id=1416"},"modified":"2025-01-22T21:22:06","modified_gmt":"2025-01-22T21:22:06","slug":"angebote","status":"publish","type":"page","link":"https:\/\/cbbfootballfreestyle.de\/en\/angebote\/","title":{"rendered":"ANGEBOTE"},"content":{"rendered":"<p>[et_pb_section fb_built=&#8220;1&#8243; admin_label=&#8220;Page Header&#8220; _builder_version=&#8220;4.23.1&#8243; background_color=&#8220;#416071&#8243; background_image=&#8220;https:\/\/cbbfootballfreestyle.de\/wp-content\/uploads\/circle-background-pattern.png&#8220; custom_padding=&#8220;67px|0px|21.2px|0px|false|false&#8220; animation_style=&#8220;zoom&#8220; animation_intensity_zoom=&#8220;4%&#8220; global_colors_info=&#8220;{}&#8220;][et_pb_row _builder_version=&#8220;4.16&#8243; _module_preset=&#8220;default&#8220; global_colors_info=&#8220;{}&#8220;][et_pb_column type=&#8220;4_4&#8243; _builder_version=&#8220;4.16&#8243; _module_preset=&#8220;default&#8220; global_colors_info=&#8220;{}&#8220;][et_pb_text _builder_version=&#8220;4.27.4&#8243; text_font=&#8220;||||||||&#8220; header_font=&#8220;Montserrat|700||on|||||dotted&#8220; header_text_color=&#8220;#b7eae5&#8243; header_font_size=&#8220;60px&#8220; header_line_height=&#8220;1.3em&#8220; background_size=&#8220;initial&#8220; background_position=&#8220;top_left&#8220; background_repeat=&#8220;repeat&#8220; custom_margin=&#8220;|||&#8220; animation_style=&#8220;fade&#8220; hover_enabled=&#8220;0&#8243; header_font_size_last_edited=&#8220;on|phone&#8220; locked=&#8220;off&#8220; global_colors_info=&#8220;{}&#8220; sticky_enabled=&#8220;0&#8243; header_font_size_phone=&#8220;41px&#8220; header_font_size_tablet=&#8220;60px&#8220;]<\/p>\n<h1>Angebote<\/h1>\n<p>[\/et_pb_text][\/et_pb_column][\/et_pb_row][et_pb_row _builder_version=&#8220;4.17.6&#8243; background_size=&#8220;initial&#8220; background_position=&#8220;top_left&#8220; background_repeat=&#8220;repeat&#8220; custom_padding=&#8220;|||&#8220; animation_style=&#8220;slide&#8220; animation_direction=&#8220;top&#8220; animation_intensity_slide=&#8220;3%&#8220; global_colors_info=&#8220;{}&#8220;][et_pb_column type=&#8220;4_4&#8243; _builder_version=&#8220;4.16&#8243; custom_padding=&#8220;|||&#8220; global_colors_info=&#8220;{}&#8220; custom_padding__hover=&#8220;|||&#8220;][\/et_pb_column][\/et_pb_row][\/et_pb_section][et_pb_section fb_built=&#8220;1&#8243; custom_padding_last_edited=&#8220;on|tablet&#8220; admin_label=&#8220;Advanced Tabs Demo 6&#8243; _builder_version=&#8220;4.17.1&#8243; background_color=&#8220;#FFFFFF&#8220; background_enable_image=&#8220;off&#8220; custom_padding=&#8220;100px||140px||false|false&#8220; custom_padding_tablet=&#8220;0px||80px||false|false&#8220; custom_padding_phone=&#8220;0px||80px||false|false&#8220; collapsed=&#8220;on&#8220; global_colors_info=&#8220;{}&#8220; transform_styles__hover_enabled=&#8220;off|desktop&#8220; transform_scale__hover_enabled=&#8220;off|desktop&#8220; transform_translate__hover_enabled=&#8220;off|desktop&#8220; transform_rotate__hover_enabled=&#8220;off|desktop&#8220; transform_skew__hover_enabled=&#8220;off|desktop&#8220; transform_origin__hover_enabled=&#8220;off|desktop&#8220;][et_pb_row _builder_version=&#8220;4.27.4&#8243; _module_preset=&#8220;default&#8220; max_width=&#8220;1290px&#8220; custom_margin=&#8220;40px||||false|false&#8220; custom_margin_tablet=&#8220;&#8220; custom_margin_phone=&#8220;0px||||false|false&#8220; custom_margin_last_edited=&#8220;on|phone&#8220; custom_padding=&#8220;0px||||false|false&#8220; global_colors_info=&#8220;{}&#8220;][et_pb_column type=&#8220;4_4&#8243; _builder_version=&#8220;4.16&#8243; _module_preset=&#8220;default&#8220; background_color_gradient_start=&#8220;rgba(10,1,1,0)&#8220; background_color_gradient_end=&#8220;rgba(10,1,1,0.8)&#8220; background_enable_image=&#8220;off&#8220; custom_padding=&#8220;||||false|false&#8220; custom_css_main_element=&#8220;background-size: 100%;||transition: all .5s ease-in-out;&#8220; global_colors_info=&#8220;{}&#8220; custom_css_main_element__hover_enabled=&#8220;on|desktop&#8220; custom_css_main_element__hover=&#8220;background-size: 105%;||transition: all .5s ease-in-out;&#8220;][dipi_advanced_tabs tab_animation=&#8220;fadeInLeftShort&#8220; dipi_animation_duration=&#8220;500&#8243; activate_on_hover=&#8220;on&#8220; use_tabs_fullwidth=&#8220;off&#8220; tabs_min_width=&#8220;200px&#8220; use_tabs_fullwidth_tablet=&#8220;off&#8220; tabs_min_width_tablet=&#8220;40%&#8220; tabs_max_width_tablet=&#8220;40%&#8220; use_tabs_fullwidth_phone=&#8220;off&#8220; tabs_min_width_phone=&#8220;90%&#8220; tabs_max_width_phone=&#8220;90%&#8220; tabs_align=&#8220;center&#8220; tabs_container_padding=&#8220;0px|0px|0px|0px|false|false&#8220; tabs_container_margin=&#8220;0px|0px|-60px|0px|false|false&#8220; tabs_item_padding=&#8220;30px|10px|30px|10px|false|false&#8220; tabs_item_margin=&#8220;0px|10px|0px|10px|false|false&#8220; tabs_active_item_padding=&#8220;30px|10px|30px|10px|false|false&#8220; tabs_active_item_margin=&#8220;-10px|10px|0px|10px|false|false&#8220; use_scroll_to_content=&#8220;off&#8220; content_vertical_align=&#8220;center&#8220; content_padding=&#8220;120px|50px|50px|50px|false|false&#8220; content_margin=&#8220;0px|0px|0px|0px|false|false&#8220; content_bg_color=&#8220;#f7f7f7&#8243; tabs_bg_color=&#8220;RGBA(255,255,255,0)&#8220; tabs_item_bg_color=&#8220;#FFFFFF&#8220; tabs_item_active_bg_color=&#8220;#416071&#8243; tabs_align_tablet=&#8220;center&#8220; tabs_align_phone=&#8220;center&#8220; tabs_align_last_edited=&#8220;on|phone&#8220; tabs_container_padding_tablet=&#8220;0px|0px|0px|0px|false|false&#8220; tabs_container_padding_phone=&#8220;20px|10px|20px|10px|false|false&#8220; tabs_container_padding_last_edited=&#8220;on|phone&#8220; tabs_container_margin_tablet=&#8220;0px|0px|-60px|0px|false|false&#8220; tabs_container_margin_phone=&#8220;0px||0px||false|false&#8220; tabs_container_margin_last_edited=&#8220;on|phone&#8220; tabs_item_padding_tablet=&#8220;30px|10px|30px|10px|false|false&#8220; tabs_item_padding_phone=&#8220;10px|10px|10px|10px|false|false&#8220; tabs_item_padding_last_edited=&#8220;on|phone&#8220; tabs_item_margin_tablet=&#8220;0px|10px|20px|10px|false|false&#8220; tabs_item_margin_phone=&#8220;0px|10px|10px|10px|false|false&#8220; tabs_item_margin_last_edited=&#8220;on|desktop&#8220; tabs_active_item_padding_tablet=&#8220;30px|10px|30px|10px|false|false&#8220; tabs_active_item_padding_phone=&#8220;10px|10px|10px|10px|false|false&#8220; tabs_active_item_padding_last_edited=&#8220;on|phone&#8220; tabs_active_item_margin_tablet=&#8220;0px|10px|20px|10px|false|false&#8220; tabs_active_item_margin_phone=&#8220;0px|10px|10px|10px|false|false&#8220; tabs_active_item_margin_last_edited=&#8220;on|phone&#8220; use_scroll_to_content_tablet=&#8220;off&#8220; use_scroll_to_content_phone=&#8220;off&#8220; use_scroll_to_content_last_edited=&#8220;on|phone&#8220; content_padding_tablet=&#8220;120px|50px|50px|50px|false|false&#8220; content_padding_phone=&#8220;60px|20px|50px|20px|false|false&#8220; content_padding_last_edited=&#8220;on|phone&#8220; content_margin_tablet=&#8220;0px|0px|0px|0px|false|false&#8220; content_margin_phone=&#8220;-60px|0px|0px|0px|false|false&#8220; content_margin_last_edited=&#8220;on|phone&#8220; _builder_version=&#8220;4.27.4&#8243; _module_preset=&#8220;default&#8220; title_font=&#8220;Montserrat|600||on|||||&#8220; title_text_align=&#8220;center&#8220; title_text_color=&#8220;#15022A&#8220; title_active_font=&#8220;Montserrat|600||on|||||&#8220; title_active_text_color=&#8220;#FFFFFF&#8220; body_font=&#8220;Montserrat||||||||&#8220; body_line_height=&#8220;1.8em&#8220; header_4_font=&#8220;Montserrat|700||on|||||&#8220; header_4_text_color=&#8220;#15022A&#8220; header_4_font_size=&#8220;34px&#8220; custom_button=&#8220;on&#8220; button_text_color=&#8220;#FFFFFF&#8220; button_icon=&#8220;&#x45;||divi||400&#8243; custom_padding=&#8220;15px||||false|false&#8220; title_text_align_tablet=&#8220;center&#8220; title_text_align_phone=&#8220;left&#8220; title_text_align_last_edited=&#8220;on|phone&#8220; body_font_size_tablet=&#8220;&#8220; body_font_size_phone=&#8220;15px&#8220; body_font_size_last_edited=&#8220;on|phone&#8220; body_line_height_tablet=&#8220;1.8em&#8220; body_line_height_phone=&#8220;1.6em&#8220; body_line_height_last_edited=&#8220;on|phone&#8220; border_radii=&#8220;on||||&#8220; border_radii_content_wrapper=&#8220;on|15px|15px|15px|15px&#8220; border_radii_tabs_item=&#8220;on|10px|10px|10px|10px&#8220; border_radii_tabs_item_active=&#8220;on|10px|10px|10px|10px&#8220; box_shadow_style_tabs_item=&#8220;preset1&#8243; box_shadow_blur_tabs_item=&#8220;25px&#8220; box_shadow_color_tabs_item=&#8220;rgba(0,24,122,0.08)&#8220; global_colors_info=&#8220;{}&#8220; tabs_item_margin__hover_enabled=&#8220;on|hover&#8220; tabs_item_margin__hover=&#8220;-10px||||false|false&#8220; tabs_bg_color__hover_enabled=&#8220;on|desktop&#8220; content_bg_color__hover_enabled=&#8220;on|hover&#8220; tabs_bg_color__hover=&#8220;RGBA(255,255,255,0)&#8220; content_bg_color__hover=&#8220;#f7f7f7&#8243;][dipi_advanced_tabs_item title=&#8220;Football Freestyle&#8220; admin_label=&#8220;Football Freestyle&#8220; image=&#8220;https:\/\/cbbfootballfreestyle.de\/wp-content\/uploads\/1-1.png&#8220; img_placement=&#8220;row&#8220; img_container_width=&#8220;40%&#8220; img_placement_tablet=&#8220;column&#8220; image_margin=&#8220;0px|40px|0px|0px|false|false&#8220; icon_color=&#8220;#15022A&#8220; icon_color_active=&#8220;#FFFFFF&#8220; use_button=&#8220;on&#8220; at_button_text=&#8220;Mehr dazu&#8220; at_button_url=&#8220;@ET-DC@eyJkeW5hbWljIjp0cnVlLCJjb250ZW50IjoicG9zdF9saW5rX3VybF9wYWdlIiwic2V0dGluZ3MiOnsicG9zdF9pZCI6IjQyNCJ9fQ==@&#8220; at_button_url_new_window=&#8220;1&#8243; tab_media=&#8220;icon&#8220; font_icon=&#8220;\uf1e3||fa||900&#8243; font_icon_active=&#8220;\ue009||divi||400&#8243; tab_icon_placement=&#8220;top&#8220; tab_icon_placement_phone=&#8220;left&#8220; image_margin_tablet=&#8220;0px|0px|30px|0px|false|false&#8220; image_margin_phone=&#8220;0px|0px|30px|0px|false|false&#8220; image_margin_last_edited=&#8220;on|desktop&#8220; _builder_version=&#8220;4.27.4&#8243; _dynamic_attributes=&#8220;at_button_url&#8220; _module_preset=&#8220;default&#8220; custom_button=&#8220;on&#8220; button_text_size=&#8220;13px&#8220; button_text_color=&#8220;#FFFFFF&#8220; button_bg_color=&#8220;#416071&#8243; button_border_color=&#8220;#416071&#8243; button_use_icon=&#8220;on&#8220; button_icon=&#8220;&#x45;||divi||400&#8243; button_alignment=&#8220;left&#8220; button_custom_margin=&#8220;20px||||false|false&#8220; button_custom_padding=&#8220;10px|20px|10px|20px|false|false&#8220; border_radii_image=&#8220;on|10px|10px|10px|10px&#8220; global_colors_info=&#8220;{}&#8220; icon_alignment_horz1_tablet=&#8220;center&#8220; icon_alignment_horz1_phone=&#8220;center&#8220; icon_placement_tablet=&#8220;top&#8220; icon_placement_phone=&#8220;left&#8220;]<\/p>\n<h4>Football Freestyle<\/h4>\n<p>Lasse Dich von faszinierenden Tricks und spektakul\u00e4ren Shows begeistern! Ob als Highlight auf Events oder in interaktiven Workshops \u2013 ich bringe die Kunst des Football Freestyle zu euch und inspiriere Menschen jeden Alters.<\/p>\n<p>[\/dipi_advanced_tabs_item][dipi_advanced_tabs_item title=&#8220;BRAINKINETIK\u00ae&#8220; admin_label=&#8220;BRAINKINETIK\u00ae&#8220; image=&#8220;https:\/\/cbbfootballfreestyle.de\/wp-content\/uploads\/3-1.png&#8220; img_placement=&#8220;row&#8220; img_container_width=&#8220;40%&#8220; image_margin=&#8220;0px|40px|0px|0px|false|false&#8220; icon_color=&#8220;#15022A&#8220; icon_color_active=&#8220;#FFFFFF&#8220; use_button=&#8220;on&#8220; at_button_text=&#8220;Mehr dazu&#8220; at_button_url=&#8220;@ET-DC@eyJkeW5hbWljIjp0cnVlLCJjb250ZW50IjoicG9zdF9saW5rX3VybF9wYWdlIiwic2V0dGluZ3MiOnsicG9zdF9pZCI6IjQ2NCJ9fQ==@&#8220; at_button_url_new_window=&#8220;1&#8243; tab_media=&#8220;icon&#8220; font_icon=&#8220;\uf5dc||fa||900&#8243; font_icon_active=&#8220;\ue609||divi||400&#8243; tab_icon_placement=&#8220;top&#8220; tab_icon_placement_phone=&#8220;left&#8220; image_margin_tablet=&#8220;0px|0px|30px|0px|false|false&#8220; image_margin_phone=&#8220;0px|0px|30px|0px|false|false&#8220; image_margin_last_edited=&#8220;on|phone&#8220; _builder_version=&#8220;4.27.4&#8243; _dynamic_attributes=&#8220;at_button_url&#8220; _module_preset=&#8220;default&#8220; custom_button=&#8220;on&#8220; button_text_size=&#8220;13px&#8220; button_text_color=&#8220;#FFFFFF&#8220; button_bg_color=&#8220;#e61873&#8243; button_border_color=&#8220;#e61873&#8243; button_use_icon=&#8220;on&#8220; button_icon=&#8220;&#x45;||divi||400&#8243; button_custom_margin=&#8220;20px||||false|false&#8220; button_custom_padding=&#8220;10px|20px|10px|20px|false|false&#8220; border_radii_image=&#8220;on|10px|10px|10px|10px&#8220; global_colors_info=&#8220;{}&#8220; icon_alignment_horz1_phone=&#8220;center&#8220; icon_placement_phone=&#8220;left&#8220;]<\/p>\n<h4>BRAINKINETIK\u00ae<\/h4>\n<p>Der Schl\u00fcssel zu mentaler St\u00e4rke und Erfolg in <strong>Schule<\/strong>, <strong>Sport<\/strong> und <strong>Business<\/strong>! Unsere wissenschaftlich empfohlene Bewegungsmethode f\u00f6rdert ein <b>Growth Mindset <\/b>und st\u00e4rkt <b>exekutive Funktionen <\/b>durch effektives k\u00f6rperbasiertes Verhaltens-, Mental- und Gehirntraining.<\/p>\n<p>[\/dipi_advanced_tabs_item][dipi_advanced_tabs_item title=&#8220;EVENT &#038; Fussball&#8220; admin_label=&#8220;Event &#038; Fu\u00dfball&#8220; image=&#8220;https:\/\/cbbfootballfreestyle.de\/wp-content\/uploads\/2-1.png&#8220; img_placement=&#8220;row&#8220; img_container_width=&#8220;40%&#8220; image_margin=&#8220;0px|40px|0px|0px|false|false&#8220; icon_color=&#8220;#15022A&#8220; icon_color_active=&#8220;#FFFFFF&#8220; use_button=&#8220;on&#8220; at_button_text=&#8220;Mehr dazu&#8220; at_button_url=&#8220;@ET-DC@eyJkeW5hbWljIjp0cnVlLCJjb250ZW50IjoicG9zdF9saW5rX3VybF9wYWdlIiwic2V0dGluZ3MiOnsicG9zdF9pZCI6IjQ5OSJ9fQ==@&#8220; at_button_url_new_window=&#8220;1&#8243; tab_media=&#8220;icon&#8220; font_icon=&#8220;\uf274||fa||900&#8243; font_icon_active=&#8220;\ue029||divi||400&#8243; tab_icon_placement=&#8220;top&#8220; tab_icon_placement_phone=&#8220;left&#8220; image_margin_tablet=&#8220;0px|0px|30px|0px|false|false&#8220; image_margin_phone=&#8220;0px|0px|30px|0px|false|false&#8220; image_margin_last_edited=&#8220;on|phone&#8220; _builder_version=&#8220;4.27.4&#8243; _dynamic_attributes=&#8220;at_button_url&#8220; _module_preset=&#8220;default&#8220; custom_button=&#8220;on&#8220; button_text_size=&#8220;13px&#8220; button_bg_color=&#8220;#416071&#8243; button_border_color=&#8220;#416071&#8243; button_use_icon=&#8220;on&#8220; button_icon=&#8220;&#x45;||divi||400&#8243; button_custom_margin=&#8220;20px||||false|false&#8220; button_custom_padding=&#8220;10px|20px|10px|20px|false|false&#8220; border_radii_image=&#8220;on|10px|10px|10px|10px&#8220; global_colors_info=&#8220;{}&#8220; icon_placement_phone=&#8220;left&#8220;]<\/p>\n<h4>Event &amp; Fussball<\/h4>\n<p>Echte Fu\u00dfballerlebnisse f\u00fcr jeden Anlass! Ob unvergessliche Fu\u00dfballtage, actionreiche <strong>Kindergeburtstage<\/strong>, <strong>Court rental<\/strong>, professionelles <strong>Einzeltraining<\/strong> oder effektives <strong>Teamtraining<\/strong> \u2013 ich biete individuelle L\u00f6sungen f\u00fcr alle Altersgruppen und Anl\u00e4sse.<\/p>\n<p>[\/dipi_advanced_tabs_item][dipi_advanced_tabs_item title=&#8220;CBB FREESTYLE SHOP&#8220; admin_label=&#8220;CBB FREESTYLE SHOP&#8220; image=&#8220;https:\/\/cbbfootballfreestyle.de\/wp-content\/uploads\/4-1.png&#8220; img_placement=&#8220;row&#8220; img_container_width=&#8220;40%&#8220; image_margin=&#8220;0px|40px|0px|0px|false|false&#8220; icon_color=&#8220;#15022A&#8220; icon_color_active=&#8220;#FFFFFF&#8220; use_button=&#8220;on&#8220; at_button_text=&#8220;Hier geht&#8217;s direkt zum Shop&#8220; at_button_url=&#8220;https:\/\/cbbfootballfreestyle.shop\/&#8220; at_button_url_new_window=&#8220;on&#8220; tab_media=&#8220;icon&#8220; font_icon=&#8220;\ue07a||divi||400&#8243; font_icon_active=&#8220;\uf080||fa||400&#8243; tab_icon_placement=&#8220;top&#8220; tab_icon_placement_phone=&#8220;left&#8220; image_margin_tablet=&#8220;0px|0px|30px|0px|false|false&#8220; image_margin_phone=&#8220;0px|0px|30px|0px|false|false&#8220; image_margin_last_edited=&#8220;on|phone&#8220; _builder_version=&#8220;4.27.4&#8243; _module_preset=&#8220;default&#8220; custom_button=&#8220;on&#8220; button_text_size=&#8220;13px&#8220; button_text_color=&#8220;#FFFFFF&#8220; button_bg_color=&#8220;#416071&#8243; button_border_color=&#8220;#416071&#8243; button_use_icon=&#8220;on&#8220; button_icon=&#8220;&#x45;||divi||400&#8243; button_custom_margin=&#8220;20px||||false|false&#8220; button_custom_padding=&#8220;10px|20px|10px|20px|false|false&#8220; border_radii_image=&#8220;on|10px|10px|10px|10px&#8220; global_colors_info=&#8220;{}&#8220; icon_placement_phone=&#8220;left&#8220;]<\/p>\n<h4>CBB FREESTYLE SHOP<\/h4>\n<p>Entdecke unsere exklusive Kollektion f\u00fcr Football Freestyle \u2013 von stylischer Kleidung bis zu innovativen Accessoires. Werde Teil der CBB-Community und zeige deine Leidenschaft f\u00fcr den Sport. Glaub an dich selbst und starte deine Freestyle-Reise mit uns!<\/p>\n<p>[\/dipi_advanced_tabs_item][\/dipi_advanced_tabs][\/et_pb_column][\/et_pb_row][\/et_pb_section]<\/p>","protected":false},"excerpt":{"rendered":"<p>Angebote<div class=\"et_pb_module dipi_advanced_tabs dipi_advanced_tabs_0\">\n\t\t\t\t\n\t\t\t\t\n\t\t\t\t\n\t\t\t\t\n\t\t\t\t\n\t\t\t\t\n\t\t\t\t<div class=\"et_pb_module_inner\">\n\t\t\t\t\t<div class=\"dipi-advanced-tabs dipi-at-container dipi-advanced-tabs-front\"  data-tab_animation=\"&#8220;fadeInLeftShort&#8220;\" data-animation_duration=\"&#8220;500&#8243;\" data-activate_on_hover=\"&#8220;on&#8220;\" data-activate_first_tab_as_placeholder=\"on\" data-use_sticky_tabs=\"\" data-use_scroll_to_content=\"{&quot;desktop&quot;:&quot;&amp;#8220;off&amp;#8220;&quot;,&quot;tablet&quot;:&quot;&amp;#8220;off&amp;#8220;&quot;,&quot;phone&quot;:&quot;&amp;#8220;off&amp;#8220;&quot;}\" data-scroll_to_content_offset=\"{&quot;desktop&quot;:&quot;0px&quot;,&quot;tablet&quot;:&quot;0px&quot;,&quot;phone&quot;:&quot;0px&quot;}\" data-ts_navigation_vertical_position=\"{&quot;desktop&quot;:&quot;50&quot;,&quot;tablet&quot;:&quot;50&quot;,&quot;phone&quot;:&quot;50&quot;}\" data-ts_navigation_horizontal_position=\"{&quot;desktop&quot;:&quot;0&quot;,&quot;tablet&quot;:&quot;0&quot;,&quot;phone&quot;:&quot;0&quot;}\" data-sticky_distance=\"55px\" data-sticky_distance_tablet=\"55px\" data-sticky_distance_phone=\"\" data-admin_bar_space=\"\" data-turn_off_sticky=\"none\" data-module_class=\"dipi_advanced_tabs_0\" data-default_tab=\"0\">\n                    <div class=\"dipi-at-tabs-container\" data-slider=''   >\n                        <div class=\"dipi-at-tabs has-arrow arrow-place-top arrow-allign-start\"><\/div>\n                    <\/div>\n                    <div class=\"dipi-at-panels\"><\/div>\n                <\/div>\n\t\t\t\t<\/div>\n\t\t\t<\/div><\/p>","protected":false},"author":1,"featured_media":0,"parent":0,"menu_order":0,"comment_status":"closed","ping_status":"closed","template":"","meta":{"_et_pb_use_builder":"on","_et_pb_old_content":"","_et_gb_content_width":"","footnotes":""},"dipi_cpt_category":[],"class_list":["post-1416","page","type-page","status-publish","hentry"],"_links":{"self":[{"href":"https:\/\/cbbfootballfreestyle.de\/en\/wp-json\/wp\/v2\/pages\/1416","targetHints":{"allow":["GET"]}}],"collection":[{"href":"https:\/\/cbbfootballfreestyle.de\/en\/wp-json\/wp\/v2\/pages"}],"about":[{"href":"https:\/\/cbbfootballfreestyle.de\/en\/wp-json\/wp\/v2\/types\/page"}],"author":[{"embeddable":true,"href":"https:\/\/cbbfootballfreestyle.de\/en\/wp-json\/wp\/v2\/users\/1"}],"replies":[{"embeddable":true,"href":"https:\/\/cbbfootballfreestyle.de\/en\/wp-json\/wp\/v2\/comments?post=1416"}],"version-history":[{"count":3,"href":"https:\/\/cbbfootballfreestyle.de\/en\/wp-json\/wp\/v2\/pages\/1416\/revisions"}],"predecessor-version":[{"id":23219473,"href":"https:\/\/cbbfootballfreestyle.de\/en\/wp-json\/wp\/v2\/pages\/1416\/revisions\/23219473"}],"wp:attachment":[{"href":"https:\/\/cbbfootballfreestyle.de\/en\/wp-json\/wp\/v2\/media?parent=1416"}],"wp:term":[{"taxonomy":"dipi_cpt_category","embeddable":true,"href":"https:\/\/cbbfootballfreestyle.de\/en\/wp-json\/wp\/v2\/dipi_cpt_category?post=1416"}],"curies":[{"name":"wp","href":"https:\/\/api.w.org\/{rel}","templated":true}]}}